{"id":4,"date":"2016-03-21T10:32:14","date_gmt":"2016-03-21T10:32:14","guid":{"rendered":"http:\/\/www.chelsea-luna.com\/?page_id=4"},"modified":"2024-11-18T07:48:12","modified_gmt":"2024-11-18T07:48:12","slug":"home","status":"publish","type":"page","link":"https:\/\/kindergarten-baobab.de\/de\/","title":{"rendered":"Home"},"content":{"rendered":"<div class=\"fusion-fullwidth fullwidth-box fusion-builder-row-1 fusion-flex-container nonhundred-percent-fullwidth non-hundred-percent-height-scrolling\" style=\"--awb-border-radius-top-left:0px;--awb-border-radius-top-right:0px;--awb-border-radius-bottom-right:0px;--awb-border-radius-bottom-left:0px;--awb-flex-wrap:wrap;\" ><div class=\"fusion-builder-row fusion-row fusion-flex-align-items-flex-start fusion-flex-content-wrap\" style=\"max-width:1248px;margin-left: calc(-4% \/ 2 );margin-right: calc(-4% \/ 2 );\"><div class=\"fusion-layout-column fusion_builder_column fusion-builder-column-0 fusion_builder_column_1_1 1_1 fusion-flex-column\" style=\"--awb-bg-blend:overlay;--awb-bg-size:cover;--awb-width-large:100%;--awb-margin-top-large:0px;--awb-spacing-right-large:1.92%;--awb-margin-bottom-large:0px;--awb-spacing-left-large:1.92%;--awb-width-medium:100%;--awb-spacing-right-medium:1.92%;--awb-spacing-left-medium:1.92%;--awb-width-small:100%;--awb-spacing-right-small:1.92%;--awb-spacing-left-small:1.92%;\"><div class=\"fusion-column-wrapper fusion-flex-justify-content-flex-start fusion-content-layout-column\"><div class=\"fusion-text fusion-text-1\"><div class=\"p-rich_text_section\">\n<p>Baobab ist eine Montessori Kindertagesst\u00e4tte in privater Tr\u00e4gerschaft. Gegr\u00fcndet durch eine Elterninitiative im Jahr 1996 und geleitet von einem vierk\u00f6pfigen P\u00e4dagoginnen-Team, ist Baobab durch drei Besonderheiten gekennzeichnet:<\/p>\n<ul>\n<li style=\"font-weight: 400;\" aria-level=\"1\"><span style=\"font-weight: 400;\">die Ausrichtung der Erziehung an den Grunds\u00e4tzen Maria Montessoris<\/span><\/li>\n<li style=\"font-weight: 400;\" aria-level=\"1\"><span style=\"font-weight: 400;\">Interkulturalit\u00e4t und Zweisprachigkeit<\/span><\/li>\n<li style=\"font-weight: 400;\" aria-level=\"1\"><span style=\"font-weight: 400;\">das Engagement der Eltern<\/span><\/li>\n<\/ul>\n<p><span style=\"font-weight: 400;\">Der Kindergarten bietet Pl\u00e4tze f\u00fcr 19 Kinder aus deutschen, binationalen und ausl\u00e4ndischen Familien. Baobab wird gef\u00f6rdert von der Landeshauptstadt M\u00fcnchen (Referat f\u00fcr Bildung und Sport) seit 1996.<\/span><\/p>\n<p><span style=\"font-weight: 400;\">Das Team m\u00f6chte sich w\u00e4hrend der Betreuungszeiten ganz den Kindern widmen. Daher bitten wir Sie von Anrufen und unangemeldeten Besuchen abzusehen.<\/span><\/p>\n<\/div>\n<\/div><div class=\"fusion-content-boxes content-boxes columns row fusion-columns-3 fusion-columns-total-3 fusion-content-boxes-1 content-boxes-icon-with-title content-left has-flex-alignment\" style=\"--awb-backgroundcolor:#92dadd;--awb-border-radius-top-left:15px;--awb-border-radius-top-right:15px;--awb-border-radius-bottom-right:15px;--awb-border-radius-bottom-left:15px;--awb-alignment:stretch;--awb-margin-top:20px;--awb-margin-bottom:-20px;--awb-hover-accent-color:var(--awb-color1);--awb-circle-hover-accent-color:var(--awb-color1);\" id=\"content-boxes\" data-animationoffset=\"top-into-view\"><div style=\"--awb-backgroundcolor:#92dadd;\" class=\"fusion-column content-box-column content-box-column content-box-column-1 col-lg-4 col-md-4 col-sm-4 fusion-content-box-hover content-box-column-first-in-row\"><div class=\"col content-box-wrapper content-wrapper-background link-area-link-icon icon-hover-animation-fade\" data-animationoffset=\"top-into-view\"><div class=\"fusion-clearfix\"><\/div><div class=\"content-container\">\n<h5 class=\"content-box-heading fusion-live-editable medium-editor-element\" style=\"text-align: center;\" role=\"textbox\" contenteditable=\"true\" spellcheck=\"true\" data-fontsize=\"24\" data-lineheight=\"29\" data-inline-fontsize=\"24px\" data-inline-lineheight=\"29px\" data-inline-parent-cid=\"213\" data-disable-return=\"true\" data-disable-extra-spaces=\"true\" data-toolbar=\"false\" data-param=\"title\" data-medium-editor-element=\"true\" aria-multiline=\"true\" data-medium-editor-editor-index=\"60\" data-placeholder=\"Your Content Goes Here\" data-medium-focused=\"true\">Die Ausrichtung der Erziehung an den Grunds\u00e4tzen Maria Montessoris<\/h5>\n<\/div><\/div><\/div><div style=\"--awb-backgroundcolor:#92dadd;\" class=\"fusion-column content-box-column content-box-column content-box-column-2 col-lg-4 col-md-4 col-sm-4 fusion-content-box-hover\"><div class=\"col content-box-wrapper content-wrapper-background link-area-link-icon icon-hover-animation-fade\" data-animationoffset=\"top-into-view\"><div class=\"fusion-clearfix\"><\/div><div class=\"content-container\">\n<h5 style=\"text-align: center;\">Interkulturalit\u00e4t und Zweisprachigkeit<\/h5>\n<\/div><\/div><\/div><div style=\"--awb-backgroundcolor:#92dadd;\" class=\"fusion-column content-box-column content-box-column content-box-column-3 col-lg-4 col-md-4 col-sm-4 fusion-content-box-hover content-box-column-last content-box-column-last-in-row\"><div class=\"col content-box-wrapper content-wrapper-background link-area-link-icon icon-hover-animation-fade\" data-animationoffset=\"top-into-view\"><div class=\"fusion-clearfix\"><\/div><div class=\"content-container\">\n<h5 style=\"text-align: center;\">Das Engagement der Eltern<\/h5>\n<\/div><\/div><\/div><div class=\"fusion-clearfix\"><\/div><\/div><\/div><\/div><\/div><\/div>","protected":false},"excerpt":{"rendered":"","protected":false},"author":1,"featured_media":0,"parent":0,"menu_order":0,"comment_status":"closed","ping_status":"closed","template":"100-width.php","meta":{"footnotes":""},"class_list":["post-4","page","type-page","status-publish","hentry"],"_links":{"self":[{"href":"https:\/\/kindergarten-baobab.de\/de\/wp-json\/wp\/v2\/pages\/4","targetHints":{"allow":["GET"]}}],"collection":[{"href":"https:\/\/kindergarten-baobab.de\/de\/wp-json\/wp\/v2\/pages"}],"about":[{"href":"https:\/\/kindergarten-baobab.de\/de\/wp-json\/wp\/v2\/types\/page"}],"author":[{"embeddable":true,"href":"https:\/\/kindergarten-baobab.de\/de\/wp-json\/wp\/v2\/users\/1"}],"replies":[{"embeddable":true,"href":"https:\/\/kindergarten-baobab.de\/de\/wp-json\/wp\/v2\/comments?post=4"}],"version-history":[{"count":69,"href":"https:\/\/kindergarten-baobab.de\/de\/wp-json\/wp\/v2\/pages\/4\/revisions"}],"predecessor-version":[{"id":743,"href":"https:\/\/kindergarten-baobab.de\/de\/wp-json\/wp\/v2\/pages\/4\/revisions\/743"}],"wp:attachment":[{"href":"https:\/\/kindergarten-baobab.de\/de\/wp-json\/wp\/v2\/media?parent=4"}],"curies":[{"name":"wp","href":"https:\/\/api.w.org\/{rel}","templated":true}]}}