{"id":23,"date":"2016-03-21T14:56:55","date_gmt":"2016-03-21T14:56:55","guid":{"rendered":"http:\/\/www.chelsea-luna.com\/?page_id=23"},"modified":"2024-11-18T08:21:51","modified_gmt":"2024-11-18T08:21:51","slug":"wie-wir-arbeiten","status":"publish","type":"page","link":"https:\/\/kindergarten-baobab.de\/de\/wie-wir-arbeiten\/","title":{"rendered":"Wie wir arbeiten"},"content":{"rendered":"<div class=\"fusion-fullwidth fullwidth-box fusion-builder-row-1 fusion-flex-container nonhundred-percent-fullwidth non-hundred-percent-height-scrolling\" style=\"--awb-border-radius-top-left:0px;--awb-border-radius-top-right:0px;--awb-border-radius-bottom-right:0px;--awb-border-radius-bottom-left:0px;--awb-flex-wrap:wrap;\" ><div class=\"fusion-builder-row fusion-row fusion-flex-align-items-flex-start fusion-flex-content-wrap\" style=\"max-width:1248px;margin-left: calc(-4% \/ 2 );margin-right: calc(-4% \/ 2 );\"><div class=\"fusion-layout-column fusion_builder_column fusion-builder-column-0 fusion_builder_column_1_1 1_1 fusion-flex-column\" style=\"--awb-bg-blend:overlay;--awb-bg-size:cover;--awb-width-large:100%;--awb-margin-top-large:0px;--awb-spacing-right-large:1.92%;--awb-margin-bottom-large:0px;--awb-spacing-left-large:1.92%;--awb-width-medium:100%;--awb-spacing-right-medium:1.92%;--awb-spacing-left-medium:1.92%;--awb-width-small:100%;--awb-spacing-right-small:1.92%;--awb-spacing-left-small:1.92%;\"><div class=\"fusion-column-wrapper fusion-flex-justify-content-flex-start fusion-content-layout-column\"><div class=\"fusion-title title fusion-title-1 fusion-sep-none fusion-title-text fusion-title-size-one\" style=\"--awb-font-size:28px;\"><h1 class=\"fusion-title-heading title-heading-left\" style=\"font-family:&quot;Lato Bold&quot;;font-style:normal;font-weight:400;margin:0;font-size:1em;\"><h1>Wie wir arbeiten<\/h1><\/h1><\/div><div class=\"fusion-text fusion-text-1\"><h2 class=\"p1\">P\u00e4dagogische Grunds\u00e4tze und Schwerpunkte<\/h2>\n<p>Ziel der Kindertagesst\u00e4tte ist es jedem Kind die M\u00f6glichkeit zu geben, sein Potential voll zu entwickeln - intellektuell, k\u00f6rperlich, sozial und emotional, unabh\u00e4ngig von Geschlecht, nationaler oder ethnischer Herkunft oder den vorhandenen F\u00e4higkeiten. Interkulturalit\u00e4t umfasst: <\/p>\n<ul>\n<li>Die Aufnahme von Kindern mit unterschiedlichem kulturellem Hintergrund;<\/li>\n<li>Mehrsprachigkeit zwischen Erzieher\/innen und Kindern sowie der Kinder untereinander;<\/li>\n<li>Gegenseitige Wertsch\u00e4tzung sowie Toleranz gegen\u00fcber der Andersartigkeit des Anderen;<\/li>\n<li>Unterschiede und Gemeinsamkeiten kennen lernen und als Bereicherung empfinden;<\/li>\n<\/ul>\n<ul class=\"ul1\">\n<\/ul>\n<h2>Orientierung an der P\u00e4dagogik Maria Montessoris<\/h2>\n<p>Als international anerkannte und weltweit praktizierte P\u00e4dagogik eignet sich die P\u00e4dagogik M. Montessoris in besonderer Weise f\u00fcr unsere Einrichtung. Ihre Prinzipien lassen sich in drei Stichworte zusammenfassen:<\/p>\n<p class=\"translation-block\"><b><u>Ganzheitlichkeit<\/u>:<\/b> Erfahren und Lernen mit allen Sinnen. Das Kind wird als ganzheitliches Wesen in den Blick genommen. Verstand, Gef\u00fchl, sinnliche Wahrnehmung und Bewegung bilden eine Einheit. Ihre gemeinsame Aktivierung und F\u00f6rderung dienen der Pers\u00f6nlichkeitsentwicklung des Kindes, sch\u00e4rfen seine Wahrnehmung und wecken die Lust zur Entdeckung der Welt. \u00dcbungen mit besonderen Materialien (Sinnesmaterial) bilden die Grundlage des Begreifens und regen die geistige Entwicklung des Kindes an.<\/p>\n<p class=\"translation-block\"><b><u>Selbstt\u00e4tigkeit<\/u>:<\/b> bedeutet dass das Kind in seinem Drang nach Spontaneit\u00e4t ernst genommen wird, und es von fr\u00fch an bef\u00e4higt wird Verrichtungen des t\u00e4glichen Lebens selbstst\u00e4ndig durchzuf\u00fchren. Schon im Kindergarten lernen die Kinder, sich selbst die Schuhe zu schn\u00fcren, den Tisch zu decken, den Boden zu kehren, das Geschirr zu sp\u00fclen, Ordnung zu halten und im Rahmen ihres Verm\u00f6gens Eigenverantwortung zu \u00fcbernehmen. Die Erzieher\/innen orientieren sich an der Devise Montessoris: Hilf mir, es selbst zu tun!<\/p>\n<p class=\"translation-block\"><b><u>Individualit\u00e4t<\/u>:<\/b> bedeutet, jedes Kind gem\u00e4\u00df seinen eigenen F\u00e4higkeiten, M\u00f6glichkeiten, Interessen, kognitiven und emotionalen Bed\u00fcrfnissen wahrzunehmen und zu f\u00f6rdern. Jedes Kind zeigt sein eigenes Entwicklungsprofil, hat seine pers\u00f6nlichen St\u00e4rken und Schw\u00e4chen, entfaltet seinen eigenen Charakter. Diese individuellen Besonderheiten zu erkennen und es darin zu st\u00e4rken, ist das best\u00e4ndige Bestreben des Kindergartenpersonals. Damit geht einher, dass auch die Kinder die F\u00e4higkeiten und Interessen der anderen kennen und respektieren lernen. Auf diesem Weg erfahren sie, dass nicht alle Menschen gleich sind und dass aus der Andersheit des Anderen die Aufgabe der gegenseitigen Anerkennung erw\u00e4chst.<\/p>\n<p>Von besonderer Bedeutung ist f\u00fcr uns das, was M. Montessori vorbereitete Umgebung nennt. Zu ihr geh\u00f6rt unter anderem die Bereitstellung und der Umgang mit Entwicklungsmaterial (Montessori-Material), das jedem einzelnen Kind die Eroberung und Aneignung der Welt auf eigenst\u00e4ndige und selbstt\u00e4tige Weise erm\u00f6glicht.<\/p>\n<p>Musische, sportliche und kreative T\u00e4tigkeiten erg\u00e4nzen unser Programm ebenso wie die Feier von Festen verschiedener Kulturen, der Besuch von Museen und Bibliotheken, und Saisonale Aktivit\u00e4ten. Gro\u00dfer Wert wird auch auf den r\u00fccksichtsvollen Umgang der Kinder untereinander und zwischen Erwachsenem und Kind gelegt. Beim gemeinsamen Essen und bei gemeinschaftlichen Unternehmungen erfahren die Kinder die Wohltat gesitteten und h\u00f6flichen Verhaltens.<\/p>\n<h2 class=\"p1\">ERZIEHUNGSPARTNERSCHAFT - MITARBEIT DER ELTERN<\/h2>\n<p>Grundlage f\u00fcr eine gut laufende Kindertagesst\u00e4tte ist eine enge Vernetzung und Zusammenarbeit von Team und Eltern. Dies geschieht auf folgende Weise:<\/p>\n<ul>\n<li>Vorstand und Team stehen in st\u00e4ndigem Austausch.<\/li>\n<li>Elternabende finden mindestens alle drei Monate statt. Hier werden alle anfallenden Themen und Arbeiten besprochen und koordiniert.<\/li>\n<li>Alle Eltern sind zu einer regen und engagierten Mitarbeit verpflichtet. Dies beinhaltet Snack- und W\u00e4schedienst sowie weitere T\u00e4tigkeiten.<\/li>\n<\/ul>\n<ul class=\"ul1\">\n<\/ul>\n<h2 class=\"p1\">\u00d6FFNUNGSZEITEN<\/h2>\n<p class=\"p1\">Montag, Mittwoch und Donnerstag von 8:00-16:45 Uhr<br \/>\nDienstag und Freitag von 8:00-15:45 Uhr<\/p>\n<p class=\"p1\">\nJeden Mittwoch besuchen die Kinder den KISS-Sportunterricht im TSV Ost M\u00fcnchen (nicht w\u00e4hrend der Schulferien).<\/p>\n<h2 class=\"p1\">SCHLIESSUNGSZEITEN<\/h2>\n<ul class=\"ul1\">\n<li class=\"li1\">1 Woche an Ostern<\/li>\n<li class=\"li1\">3 Wochen in den Sommerferien<\/li>\n<li class=\"li1\">2 Wochen \u00fcber Weihnachten und Neujahr<\/li>\n<\/ul>\n<h2 class=\"p1\">GEB\u00dcHREN<\/h2>\n<p class=\"p1\">Die aktuellen Geb\u00fchren k\u00f6nnen Sie hier herunterladen: <span style=\"text-decoration: underline;\"><strong><a href=\"https:\/\/kindergarten-baobab.de\/wordpress\/wp-content\/uploads\/2024\/01\/Baobab_Gebuhren.pdf\"><span class=\"s2\">Baobab Geb\u00fchren.pdf<\/span><\/a><\/strong><\/span><\/p>\n<\/div><\/div><\/div><\/div><\/div>","protected":false},"excerpt":{"rendered":"","protected":false},"author":1,"featured_media":0,"parent":0,"menu_order":0,"comment_status":"closed","ping_status":"closed","template":"","meta":{"footnotes":""},"class_list":["post-23","page","type-page","status-publish","hentry"],"_links":{"self":[{"href":"https:\/\/kindergarten-baobab.de\/de\/wp-json\/wp\/v2\/pages\/23","targetHints":{"allow":["GET"]}}],"collection":[{"href":"https:\/\/kindergarten-baobab.de\/de\/wp-json\/wp\/v2\/pages"}],"about":[{"href":"https:\/\/kindergarten-baobab.de\/de\/wp-json\/wp\/v2\/types\/page"}],"author":[{"embeddable":true,"href":"https:\/\/kindergarten-baobab.de\/de\/wp-json\/wp\/v2\/users\/1"}],"replies":[{"embeddable":true,"href":"https:\/\/kindergarten-baobab.de\/de\/wp-json\/wp\/v2\/comments?post=23"}],"version-history":[{"count":45,"href":"https:\/\/kindergarten-baobab.de\/de\/wp-json\/wp\/v2\/pages\/23\/revisions"}],"predecessor-version":[{"id":751,"href":"https:\/\/kindergarten-baobab.de\/de\/wp-json\/wp\/v2\/pages\/23\/revisions\/751"}],"wp:attachment":[{"href":"https:\/\/kindergarten-baobab.de\/de\/wp-json\/wp\/v2\/media?parent=23"}],"curies":[{"name":"wp","href":"https:\/\/api.w.org\/{rel}","templated":true}]}}