{"id":207,"date":"2018-06-17T15:51:29","date_gmt":"2018-06-17T15:51:29","guid":{"rendered":"http:\/\/kindergarten-baobab.de\/?page_id=207"},"modified":"2024-10-30T13:59:03","modified_gmt":"2024-10-30T13:59:03","slug":"datenschutz","status":"publish","type":"page","link":"https:\/\/kindergarten-baobab.de\/de\/datenschutz\/","title":{"rendered":"Datenschutz"},"content":{"rendered":"<div class=\"fusion-fullwidth fullwidth-box fusion-builder-row-1 fusion-flex-container has-pattern-background has-mask-background nonhundred-percent-fullwidth non-hundred-percent-height-scrolling\" style=\"--awb-border-radius-top-left:0px;--awb-border-radius-top-right:0px;--awb-border-radius-bottom-right:0px;--awb-border-radius-bottom-left:0px;--awb-flex-wrap:wrap;\" ><div class=\"fusion-builder-row fusion-row fusion-flex-align-items-flex-start fusion-flex-content-wrap\" style=\"max-width:1248px;margin-left: calc(-4% \/ 2 );margin-right: calc(-4% \/ 2 );\"><div class=\"fusion-layout-column fusion_builder_column fusion-builder-column-0 fusion_builder_column_1_1 1_1 fusion-flex-column\" style=\"--awb-bg-size:cover;--awb-width-large:100%;--awb-margin-top-large:0px;--awb-spacing-right-large:1.92%;--awb-margin-bottom-large:20px;--awb-spacing-left-large:1.92%;--awb-width-medium:100%;--awb-order-medium:0;--awb-spacing-right-medium:1.92%;--awb-spacing-left-medium:1.92%;--awb-width-small:100%;--awb-order-small:0;--awb-spacing-right-small:1.92%;--awb-spacing-left-small:1.92%;\"><div class=\"fusion-column-wrapper fusion-column-has-shadow fusion-flex-justify-content-flex-start fusion-content-layout-column\"><div class=\"fusion-title title fusion-title-1 fusion-sep-none fusion-title-text fusion-title-size-one\" style=\"--awb-font-size:28px;\"><h1 class=\"fusion-title-heading title-heading-left\" style=\"margin:0;font-size:1em;\"><h1>Datenschutz<\/h1><\/h1><\/div><div class=\"fusion-text fusion-text-1\"><p><strong>\u00a71 Information \u00fcber die Erhebung personenbezogener Daten<\/strong><br \/>\n(1) Im Folgenden informieren wir \u00fcber die Erhebung personenbezogener Daten bei Nutzung unserer Website. Personenbezogene Daten sind alle Daten, die auf Sie pers\u00f6nlich beziehbar sind, z. B. Name, Adresse, E-Mail-Adressen, Nutzerverhalten.<\/p>\n<p>(2) Verantwortlicher gem. Art. 4 Abs. 7 EU-Datenschutz-Grundverordnung (DS-GVO) ist Baobab e.V., Zeppelinstra\u00dfe 69, 81669 M\u00fcnchen, info(at)kindergarten-baobab.de (siehe unser <a href=\"http:\/\/kindergarten-baobab.de\/de\/impressum\/\">Impressum<\/a>).<\/p>\n<p>(3) Bei Ihrer Kontaktaufnahme mit uns per E-Mail oder \u00fcber ein Kontaktformular werden die von Ihnen mitgeteilten Daten (etwa Ihre E-Mail-Adresse, ggf. weitere Angaben wie bspw. Ihr Name und Ihre Telefonnummer) von uns gespeichert, um Ihre Anliegen zu beantworten. Die in diesem Zusammenhang anfallenden Daten l\u00f6schen wir, nachdem die Speicherung nicht mehr erforderlich ist, oder schr\u00e4nken die Verarbeitung ein, falls gesetzliche Aufbewahrungspflichten bestehen.<\/p>\n<p>(4) Falls wir f\u00fcr einzelne Funktionen unseres Angebots auf beauftragte Dienstleister zur\u00fcckgreifen oder Ihre Daten f\u00fcr werbliche Zwecke nutzen m\u00f6chten, werden wir Sie untenstehend im Detail \u00fcber die jeweiligen Vorg\u00e4nge informieren. Dabei nennen wir auch die festgelegten Kriterien der Speicherdauer.<\/p>\n<p><strong>\u00a72 Ihre Rechte<\/strong><br \/>\n(1) Sie haben gegen\u00fcber uns folgende Rechte hinsichtlich der Sie betreffenden personenbezogenen Daten:<\/p>\n<ul>\n<li style=\"list-style-type: none;\">\n<ul>\n<li>Recht auf Auskunft,<\/li>\n<\/ul>\n<\/li>\n<\/ul>\n<ul>\n<li style=\"list-style-type: none;\">\n<ul>\n<li>Recht auf Berichtigung oder L\u00f6schung,<\/li>\n<\/ul>\n<\/li>\n<\/ul>\n<ul>\n<li style=\"list-style-type: none;\">\n<ul>\n<li>Recht auf Einschr\u00e4nkung der Verarbeitung,<\/li>\n<\/ul>\n<\/li>\n<\/ul>\n<ul>\n<li style=\"list-style-type: none;\">\n<ul>\n<li>Recht auf Widerspruch gegen die Verarbeitung,<\/li>\n<\/ul>\n<\/li>\n<\/ul>\n<ul>\n<li style=\"list-style-type: none;\">\n<ul>\n<li>Recht auf Daten\u00fcbertragbarkeit.<\/li>\n<\/ul>\n<\/li>\n<\/ul>\n<p>Falls Sie diese Rechte wahrnehmen wollen, kontaktieren Sie uns bitte unter info(at)kindergarten-baobab.de<\/p>\n<p>(2) Sie haben zudem das Recht, sich bei einer Datenschutz-Aufsichtsbeh\u00f6rde \u00fcber die Verarbeitung Ihrer personenbezogenen Daten durch uns zu beschweren.<\/p>\n<p><strong>\u00a73 Erhebung personenbezogener Daten bei Besuch unserer Website<\/strong><br \/>\n(1) Bei der blo\u00df informatorischen Nutzung der Website, also wenn Sie uns nicht anderweitig Informationen \u00fcbermitteln, erheben wir nur die personenbezogenen Daten, die Ihr Browser an unseren Server \u00fcbermittelt. Wenn Sie unsere Website betrachten m\u00f6chten, erheben wir die folgenden Daten, die f\u00fcr uns technisch erforderlich sind, um Ihnen unsere Website anzuzeigen und die Stabilit\u00e4t und Sicherheit zu gew\u00e4hrleisten (Rechtsgrundlage ist Art. 6 Abs. 1 S. 1 lit. f DS-GVO). Diese Informationen werden tempor\u00e4r in einem sog. Logfile bis zur automatisierten L\u00f6schung gespeichert:<\/p>\n<p>IP-Adresse,<br \/>\nDatum und Uhrzeit der Anfrage,<br \/>\nZeitzonendifferenz zur Greenwich Mean Time (GMT),<br \/>\nInhalt der Anforderung (konkrete Seite),<br \/>\nZugriffsstatus\/HTTP-Statuscode,<br \/>\njeweils \u00fcbertragene Datenmenge,<br \/>\nWebsite, von der die Anforderung kommt,<br \/>\nBrowser,<br \/>\nBetriebssystem und dessen Oberfl\u00e4che,<br \/>\nSprache und Version der Browsersoftware.<\/p>\n<p>(2) Zus\u00e4tzlich zu den zuvor genannten Daten werden bei Ihrer Nutzung unserer Website Cookies auf Ihrem Rechner gespeichert. Bei Cookies handelt es sich um kleine Textdateien, die auf Ihrer Festplatte dem von Ihnen verwendeten Browser zugeordnet gespeichert werden und durch welche der Stelle, die den Cookie setzt, bestimmte Informationen zuflie\u00dfen. Cookies k\u00f6nnen keine Programme ausf\u00fchren oder Viren auf Ihren Computer \u00fcbertragen. Sie dienen dazu, das Internetangebot insgesamt nutzerfreundlicher und effektiver zu machen. Rechtsgrundlage ist Art. 6 Abs. 1 S. 1 lit. f DS-GVO.<\/p>\n<p>(3) Einsatz von Cookies:<\/p>\n<p>a) Diese Website nutzt folgende Arten von Cookies, deren Umfang und Funktionsweise im Folgenden erl\u00e4utert werden:<\/p>\n<p>Transiente Cookies (dazu b)<br \/>\nPersistente Cookies (dazu c).<br \/>\nb) Transiente Cookies werden automatisiert gel\u00f6scht, wenn Sie den Browser schlie\u00dfen. Dazu z\u00e4hlen insbesondere die Session-Cookies. Diese speichern eine sogenannte Session-ID, mit welcher sich verschiedene Anfragen Ihres Browsers der gemeinsamen Sitzung zuordnen lassen. Dadurch kann Ihr Rechner wiedererkannt werden, wenn Sie auf unsere Website zur\u00fcckkehren. Die Session-Cookies werden gel\u00f6scht, wenn Sie sich ausloggen oder den Browser schlie\u00dfen.<\/p>\n<p>c) Persistente Cookies werden automatisiert nach einer vorgegebenen Dauer gel\u00f6scht, die sich je nach Cookie unterscheiden kann. Sie k\u00f6nnen die Cookies in den Sicherheitseinstellungen Ihres Browsers jederzeit l\u00f6schen.<\/p>\n<p>d) Sie k\u00f6nnen Ihre Browser-Einstellung entsprechend Ihren W\u00fcnschen konfigurieren und z. B. die Annahme von Third-Party-Cookies oder allen Cookies ablehnen. Wir weisen Sie darauf hin, dass Sie eventuell nicht alle Funktionen dieser Website nutzen k\u00f6nnen.<\/p>\n<p><strong>\u00a74 Weitere Funktionen und Angebote unserer Website<\/strong><br \/>\n(1) Neben der rein informatorischen Nutzung unserer Website bieten wir verschiedene Leistungen an, die Sie bei Interesse nutzen k\u00f6nnen. Dazu m\u00fcssen Sie in der Regel weitere personenbezogene Daten angeben, die wir zur Erbringung der jeweiligen Leistung nutzen und f\u00fcr welche die zuvor genannten Grunds\u00e4tze zur Datenverarbeitung gelten.<\/p>\n<p>(2) Teilweise bedienen wir uns zur Verarbeitung Ihrer Daten externer Dienstleister. Diese wurden von uns sorgf\u00e4ltig ausgew\u00e4hlt und beauftragt, sind an unsere Weisungen gebunden und werden regelm\u00e4\u00dfig kontrolliert.<\/p>\n<p>(3) Weiterhin k\u00f6nnen wir Ihre personenbezogenen Daten an Dritte weitergeben, wenn Aktionsteilnahmen, Vertragsabschl\u00fcsse oder \u00e4hnliche Leistungen von uns gemeinsam mit Partnern angeboten werden. N\u00e4here Informationen hierzu erhalten Sie bei Angabe Ihrer personenbezogenen Daten oder untenstehend in der Beschreibung des Angebotes.<\/p>\n<p>(4) Soweit unsere Dienstleister oder Partner ihren Sitz in einem Staat au\u00dferhalb der EU bzw. des Europ\u00e4ischen Wirtschaftsraumen (EWR) haben, informieren wir Sie \u00fcber die Folgen dieses Umstands in der Beschreibung des Angebotes.<\/p>\n<p><strong>\u00a75 Widerspruch oder Widerruf gegen die Verarbeitung Ihrer Daten<\/strong><br \/>\n(1) Falls Sie eine Einwilligung zur Verarbeitung Ihrer Daten erteilt haben, k\u00f6nnen Sie diese jederzeit widerrufen. Ein solcher Widerruf beeinflusst die Zul\u00e4ssigkeit der Verarbeitung Ihrer personenbezogenen Daten, nachdem Sie ihn gegen\u00fcber uns ausgesprochen haben.<\/p>\n<p>(2) Soweit wir die Verarbeitung Ihrer personenbezogenen Daten auf die Interessenabw\u00e4gung st\u00fctzen, k\u00f6nnen Sie Widerspruch gegen die Verarbeitung einlegen. Dies ist der Fall, wenn die Verarbeitung insbesondere nicht zur Erf\u00fcllung eines Vertrags mit Ihnen erforderlich ist, was von uns jeweils bei der nachfolgenden Beschreibung der Funktionen dargestellt wird. Bei Aus\u00fcbung eines solchen Widerspruchs bitten wir um Darlegung der Gr\u00fcnde, weshalb wir Ihre personenbezogenen Daten nicht wie von uns durchgef\u00fchrt verarbeiten sollten. Im Falle Ihres begr\u00fcndeten Widerspruchs pr\u00fcfen wir die Sachlage und werden entweder die Datenverarbeitung einstellen bzw. anpassen oder Ihnen unsere zwingenden schutzw\u00fcrdigen Gr\u00fcnde aufzeigen, aufgrund derer wir die Verarbeitung fortf\u00fchren.<\/p>\n<p>(3) Selbstverst\u00e4ndlich k\u00f6nnen Sie der Verarbeitung Ihrer personenbezogenen Daten f\u00fcr Zwecke der Werbung und Datenanalyse jederzeit widersprechen. \u00dcber Ihren Werbewiderspruch k\u00f6nnen Sie uns unter folgenden Kontaktdaten informieren: info(at)kindergarten-baobab.de.<\/p>\n<p><strong>\u00a76 Kontaktaufnahme \u00fcber unsere Website<\/strong><br \/>\n(1) Sollten Sie \u00fcber unsere Website Kontakt zu uns aufnehmen (z.B. bei Anfragen oder Terminvereinbarungsw\u00fcnschen), ist derzeit die Angabe der E-Mail-Adresse als Pflichtangabe erforderlich; alle weiteren Angaben sind freiwillig, k\u00f6nnen aber die Kontaktaufnahme mit Ihnen erleichtern (z.B. Telefonnummer). Wir verwenden die von Ihnen mitgeteilten Daten ausschlie\u00dflich zur Bearbeitung Ihrer Anfragen. Rechtsgrundlage hierf\u00fcr ist Art. 6 Abs. 1 S. 1 lit. b DS-GVO.<\/p>\n<p>(2) Nach vollst\u00e4ndiger Beantwortung der Anfrage werden Ihre Daten gel\u00f6scht, falls keine gesetzlichen Aufbewahrungspflichten bestehen.<\/p>\n<p><strong>\u00a77 Nutzung unseres Bewerbungsformulars f\u00fcr freie Einrichtungspl\u00e4tze<\/strong><br \/>\n(1) Soweit Sie unser Online-Kontaktformular zur unverbindlichen Bewerbung f\u00fcr freie Einrichtungspl\u00e4tze nutzen m\u00f6chten, m\u00fcssen Sie folgende Daten angeben: Vorname, Nachname und E-Mail-Adresse der Kontaktperson; Vorname, Nachname, Geschlecht und Geburtsdatum des zu betreuenden Kindes, das gew\u00fcnschte Eintrittsdatum, Nationalit\u00e4t, Sprachen, sowie woher Sie Baobab kennen, Ihre Beweggr\u00fcnde f\u00fcr eine Elterninitiative und einen Montessori Kindergarten. Die Angabe der zuvor genannten Daten ist verpflichtend und erforderlich, um Ihre Bewerbung ordnungsgem\u00e4\u00df bearbeiten zu k\u00f6nnen. Alle weiteren Informationen k\u00f6nnen Sie freiwillig angeben.<\/p>\n<p>(2) Wenn Sie unser Online-Kontaktformular nutzen, speichern wir Ihre zur Bewerbung erforderlichen Daten, bis das Bewerbungsverfahren abgeschlossen ist. Rechtsgrundlage ist Art. 6 Abs. 1 S. 1 lit. b und f DS-GVO.<\/p>\n<p>(3) Um unberechtigte Zugriffe Dritter auf Ihre pers\u00f6nlichen Daten zu verhindern, wird die Verbindung per TLS-Technik verschl\u00fcsselt.<\/p>\n<p><strong>\u00a78 Verwendung von Google Fonts<\/strong><br \/>\n(1) Diese Website nutzt zur einheitlichen Darstellung von Schriftarten so genannte Web Fonts, die von Google bereitgestellt werden. Dies erfolgt im Interesse einer ansprechenden Darstellung unserer Website.<\/p>\n<p>(2) Beim Aufruf einer Seite auf unserer Website l\u00e4dt Ihr Browser die ben\u00f6tigten Web Fonts in Ihren Browsercache, um Texte und Schriftarten korrekt anzuzeigen. Zu diesem Zweck muss der von Ihnen verwendete Browser Verbindung zu den Servern von Google aufnehmen, sofern sich die jeweilige Schriftart nicht bereits in Ihrem Browsercache befindet. Hierdurch erlangt Google Kenntnis dar\u00fcber, dass Sie unsere Website aufgerufen haben. Zudem werden gegebenenfalls die unter \u00a7 3 dieser Erkl\u00e4rung genannten Daten \u00fcbermittelt. Rechtsgrundlage f\u00fcr die Nutzung von Google Fonts ist Art. 6 Abs. 1 S.1 lit. f DS-GVO.<\/p>\n<p>(3) Weitere Informationen zu Google Fonts finden Sie unter: https:\/\/fonts.google.com\/about# sowie https:\/\/developers.google.com\/fonts\/faq. Weitere Informationen zu Zweck und Umfang der Datenerhebung und ihrer Verarbeitung durch Google erhalten Sie in den Datenschutzerkl\u00e4rungen von Google. Dort erhalten Sie auch weitere Informationen zu Ihren diesbez\u00fcglichen Rechten und Einstellungsm\u00f6glichkeiten zum Schutze Ihrer Privatsph\u00e4re: http:\/\/www.google.de\/intl\/de\/policies\/privacy. Google verarbeitet Ihre personenbezogenen Daten auch in den USA und hat sich dem EU-US Privacy Shield unterworfen, https:\/\/www.privacyshield.gov\/EU-US-Framework.<\/p>\n<p><strong>\u00a79 Einsatz von Google Analytics<\/strong><br \/>\n(1) Diese Website benutzt Google Analytics, einen Webanalysedienst der Google Inc. (\u201eGoogle\u201c). Google Analytics verwendet sog. \u201eCookies\u201c, Textdateien, die auf Ihrem Computer gespeichert werden und die eine Analyse der Benutzung der Website durch Sie erm\u00f6glichen. Die durch das Cookie erzeugten Informationen \u00fcber Ihre Benutzung dieser Website werden in der Regel an einen Server von Google in den USA \u00fcbertragen und dort gespeichert. Im Falle der Aktivierung der IP-Anonymisierung auf dieser Website, wird Ihre IP-Adresse von Google jedoch innerhalb von Mitgliedstaaten der Europ\u00e4ischen Union oder in anderen Vertragsstaaten des Abkommens \u00fcber den Europ\u00e4ischen Wirtschaftsraum zuvor gek\u00fcrzt. Nur in Ausnahmef\u00e4llen wird die volle IP-Adresse an einen Server von Google in den USA \u00fcbertragen und dort gek\u00fcrzt. Im Auftrag des Betreibers dieser Website wird Google diese Informationen benutzen, um Ihre Nutzung der Website auszuwerten, um Reports \u00fcber die Website-Aktivit\u00e4ten zusammenzustellen und um weitere mit der Website-Nutzung und der Internetnutzung verbundene Dienstleistungen gegen\u00fcber dem Website-Betreiber zu erbringen. Rechtsgrundlage f\u00fcr die Nutzung von Google Analytics ist Art. 6 Abs. 1 S. 1 lit. f DS-GVO.<\/p>\n<p>(2) Die im Rahmen von Google Analytics von Ihrem Browser \u00fcbermittelte IP-Adresse wird nicht mit anderen Daten von Google zusammengef\u00fchrt.<\/p>\n<p>(3) Sie k\u00f6nnen die Speicherung der Cookies durch eine entsprechende Einstellung Ihrer Browser-Software verhindern; wir weisen Sie jedoch darauf hin, dass Sie in diesem Fall gegebenenfalls nicht s\u00e4mtliche Funktionen dieser Website vollumf\u00e4nglich werden nutzen k\u00f6nnen. Sie k\u00f6nnen dar\u00fcber hinaus die Erfassung der durch das Cookie erzeugten und auf Ihre Nutzung der Website bezogenen Daten (inkl. Ihrer IP-Adresse) an Google sowie die Verarbeitung dieser Daten durch Google verhindern, indem Sie das unter dem folgenden Link verf\u00fcgbare Browser-Plug-in herunterladen und installieren: http:\/\/tools.google.com\/dlpage\/gaoptout?hl=de.<\/p>\n<p>(4) Diese Website verwendet Google Analytics mit der Erweiterung \u201e_anonymizeIp()\u201c. Dadurch werden IP-Adressen gek\u00fcrzt weiterverarbeitet, eine Personenbeziehbarkeit kann damit ausgeschlossen werden. Soweit den \u00fcber Sie erhobenen Daten ein Personenbezug zukommt, wird dieser also sofort ausgeschlossen und die personenbezogenen Daten damit umgehend gel\u00f6scht.<\/p>\n<p>(5) Wir nutzen Google Analytics, um die Nutzung unserer Website analysieren und regelm\u00e4\u00dfig verbessern zu k\u00f6nnen. \u00dcber die gewonnenen Statistiken k\u00f6nnen wir unser Angebot verbessern und f\u00fcr Sie als Nutzer interessanter ausgestalten. F\u00fcr die Ausnahmef\u00e4lle, in denen personenbezogene Daten in die USA \u00fcbertragen werden, hat sich Google dem EU-US Privacy Shield unterworfen, https:\/\/www.privacyshield.gov\/EU-US-Framework.<\/p>\n<p>(6) Informationen des Drittanbieters: Google Dublin, Google Ireland Ltd., Gordon House, Barrow Street, Dublin 4, Ireland, Fax: +353 (1) 436 1001. Nutzerbedingungen: http:\/\/www.google.com\/analytics\/terms\/de.html, \u00dcbersicht zum Datenschutz: http:\/\/www.google.com\/intl\/de\/analytics\/learn\/privacy.html, sowie die Datenschutzerkl\u00e4rung: http:\/\/www.google.de\/intl\/de\/policies\/privacy.<\/p>\n<p><strong>\u00a7 10 Google ReCaptcha<\/strong><br \/>\nWir binden die Funktion zur Erkennung von Bots, z.B. bei Eingaben in Onlineformularen (&#8220;ReCaptcha&#8221;) des Anbieters Google LLC, 1600 Amphitheatre Parkway, Mountain View, CA 94043, USA, ein. Datenschutzerkl\u00e4rung: <a href=\"https:\/\/www.google.com\/policies\/privacy\/\" target=\"_blank\" rel=\"noopener noreferrer\">https:\/\/www.google.com\/policies\/privacy\/<\/a>, Opt-Out: <a href=\"https:\/\/adssettings.google.com\/authenticated\" target=\"_blank\" rel=\"noopener noreferrer\">https:\/\/adssettings.google.com\/authenticated<\/a>.<\/p>\n<p><strong>\u00a7 11 \u00c4nderung dieser Datenschutzerkl\u00e4rung<\/strong><br \/>\nDurch die Weiterentwicklung unserer Website und Angebote dar\u00fcber oder aufgrund ge\u00e4nderter gesetzlicher beziehungsweise beh\u00f6rdlicher Vorgaben kann es notwendig werden, diese Datenschutzerkl\u00e4rung zu \u00e4ndern. Die jeweils aktuelle Datenschutzerkl\u00e4rung kann jederzeit auf der Website unter <a href=\"http:\/\/kindergarten-baobab.de\/de\/datenschutz\/\">Datenschutz<\/a> von Ihnen abgerufen und ausgedruckt werden.<\/p>\n<\/div><\/div><\/div><\/div><\/div>","protected":false},"excerpt":{"rendered":"","protected":false},"author":1,"featured_media":0,"parent":0,"menu_order":0,"comment_status":"closed","ping_status":"closed","template":"100-width.php","meta":{"footnotes":""},"class_list":["post-207","page","type-page","status-publish","hentry"],"_links":{"self":[{"href":"https:\/\/kindergarten-baobab.de\/de\/wp-json\/wp\/v2\/pages\/207","targetHints":{"allow":["GET"]}}],"collection":[{"href":"https:\/\/kindergarten-baobab.de\/de\/wp-json\/wp\/v2\/pages"}],"about":[{"href":"https:\/\/kindergarten-baobab.de\/de\/wp-json\/wp\/v2\/types\/page"}],"author":[{"embeddable":true,"href":"https:\/\/kindergarten-baobab.de\/de\/wp-json\/wp\/v2\/users\/1"}],"replies":[{"embeddable":true,"href":"https:\/\/kindergarten-baobab.de\/de\/wp-json\/wp\/v2\/comments?post=207"}],"version-history":[{"count":33,"href":"https:\/\/kindergarten-baobab.de\/de\/wp-json\/wp\/v2\/pages\/207\/revisions"}],"predecessor-version":[{"id":724,"href":"https:\/\/kindergarten-baobab.de\/de\/wp-json\/wp\/v2\/pages\/207\/revisions\/724"}],"wp:attachment":[{"href":"https:\/\/kindergarten-baobab.de\/de\/wp-json\/wp\/v2\/media?parent=207"}],"curies":[{"name":"wp","href":"https:\/\/api.w.org\/{rel}","templated":true}]}}